{"id":21,"date":"2023-06-09T10:02:15","date_gmt":"2023-06-09T10:02:15","guid":{"rendered":"https:\/\/www.ash.es\/botiga-col-svp-arenal\/?post_type=product&#038;p=21"},"modified":"2026-05-15T07:20:21","modified_gmt":"2026-05-15T07:20:21","slug":"portatil-pack-educacio-asus-tactil-canon-ampliacio-garantia-3-anys-amb-danys-accidentals","status":"publish","type":"product","link":"https:\/\/ash.es\/botiga-col-svp-arenal\/producto\/portatil-pack-educacio-asus-tactil-canon-ampliacio-garantia-3-anys-amb-danys-accidentals\/","title":{"rendered":"Port\u00e0til pack educaci\u00f3 Asus T\u00c0CTIL + c\u00e0non + ampliaci\u00f3 garantia 3 anys amb danys accidentals + llic\u00e8ncia Linewize-Qustodio"},"content":{"rendered":"<p>El ASUS Intel\u00a0 N150 BR1104FTA-NS0090XA \u00a0est\u00e0 dissenyat per a sobreviure en els entorns m\u00e9s dif\u00edcils. Constru\u00eft segons els est\u00e0ndards de qualitat militar, ve carregat d&#8217;enginyoses caracter\u00edstiques de protecci\u00f3 que inclouen un paracops de goma, un teclat resistent a esquitxades i ports molt resistents. Compta amb una vers\u00e0til pantalla t\u00e0ctil que s&#8217;obre 360\u00b0. El Asus Intel N100 tamb\u00e9 suporta connectivitat d&#8217;alta velocitat (Wi-Fi 6), compta amb cancel\u00b7laci\u00f3 de soroll assistida per IA per a millorar la qualitat de l&#8217;aprenentatge a dist\u00e0ncia, una bateria de llarga durada i un disseny modular que facilita el seu manteniment en qualsevol lloc.<br \/>\nCaracter\u00edstiques t\u00e8cniques:<br \/>\n-Intel\u00a0 N150<br \/>\n-Mem\u00f2ria 8GB de RAM<br \/>\n-SSD 128GB<br \/>\n-Pantalla Touch Flip 360\u00ba de 11,6&#8243;<br \/>\n-Wi-Fi 6 i bluetooth 5.0<br \/>\n-Port USB-C 3.2, USB-A 3.2 i USB-A 2.0<br \/>\n-HDMI 1.4<br \/>\n-1.40 kg de pes total<br \/>\n-Bateria de fins a 11 hores<br \/>\n-Windows 11 Pro Academic.<br \/>\n-Ampliaci\u00f3 garantia 3 anys &#8211; Danys accidentals<br \/>\n-C\u00e0non digital incl\u00f2s<\/p>\n<p>-Llic\u00e8ncia Linewize Qustodio incl\u00f2s<\/p>\n<p><a href=\"https:\/\/ash.es\/wp-content\/uploads\/2025\/05\/Extensio-garantia-Asus.pdf\" class=\"mtli_attachment mtli_pdf\" target=\"_blank\" rel=\"noopener\">Termes de garantia i asseguran\u00e7a danys accidentals<\/a><\/p>\n","protected":false},"excerpt":{"rendered":"<p>El ASUS Intel\u00a0 N150 BR1104FTA-NS0090XA \u00a0est\u00e0 dissenyat per a sobreviure en els entorns m\u00e9s dif\u00edcils. Constru\u00eft segons els est\u00e0ndards de qualitat militar, ve carregat d&#8217;enginyoses caracter\u00edstiques de protecci\u00f3 que inclouen un paracops de goma, un teclat resistent a esquitxades i &hellip;<\/p>\n<p class=\"read-more\"> <a class=\"more-link\" href=\"https:\/\/ash.es\/botiga-col-svp-arenal\/producto\/portatil-pack-educacio-asus-tactil-canon-ampliacio-garantia-3-anys-amb-danys-accidentals\/\"> <span class=\"screen-reader-text\">Port\u00e0til pack educaci\u00f3 Asus T\u00c0CTIL + c\u00e0non + ampliaci\u00f3 garantia 3 anys amb danys accidentals + llic\u00e8ncia Linewize-Qustodio<\/span> Llegir m\u00e9s &raquo;<\/a><\/p>\n","protected":false},"featured_media":40,"template":"","meta":[],"product_brand":[],"product_cat":[21],"product_tag":[],"class_list":{"0":"post-21","1":"product","2":"type-product","3":"status-publish","4":"has-post-thumbnail","6":"product_cat-ordinador","8":"first","9":"instock","10":"taxable","11":"shipping-taxable","12":"purchasable","13":"product-type-simple"},"_links":{"self":[{"href":"https:\/\/ash.es\/botiga-col-svp-arenal\/wp-json\/wp\/v2\/product\/21","targetHints":{"allow":["GET"]}}],"collection":[{"href":"https:\/\/ash.es\/botiga-col-svp-arenal\/wp-json\/wp\/v2\/product"}],"about":[{"href":"https:\/\/ash.es\/botiga-col-svp-arenal\/wp-json\/wp\/v2\/types\/product"}],"wp:featuredmedia":[{"embeddable":true,"href":"https:\/\/ash.es\/botiga-col-svp-arenal\/wp-json\/wp\/v2\/media\/40"}],"wp:attachment":[{"href":"https:\/\/ash.es\/botiga-col-svp-arenal\/wp-json\/wp\/v2\/media?parent=21"}],"wp:term":[{"taxonomy":"product_brand","embeddable":true,"href":"https:\/\/ash.es\/botiga-col-svp-arenal\/wp-json\/wp\/v2\/product_brand?post=21"},{"taxonomy":"product_cat","embeddable":true,"href":"https:\/\/ash.es\/botiga-col-svp-arenal\/wp-json\/wp\/v2\/product_cat?post=21"},{"taxonomy":"product_tag","embeddable":true,"href":"https:\/\/ash.es\/botiga-col-svp-arenal\/wp-json\/wp\/v2\/product_tag?post=21"}],"curies":[{"name":"wp","href":"https:\/\/api.w.org\/{rel}","templated":true}]}}