{"id":15,"date":"2023-06-09T10:02:13","date_gmt":"2023-06-09T10:02:13","guid":{"rendered":"https:\/\/www.ash.es\/botiga-col-svp-arenal\/?post_type=product&#038;p=15"},"modified":"2024-05-10T10:10:59","modified_gmt":"2024-05-10T10:10:59","slug":"ratoli-mini-sense-fil-iggual-wom-basic-negre","status":"publish","type":"product","link":"https:\/\/ash.es\/botiga-col-svp-arenal\/producto\/ratoli-mini-sense-fil-iggual-wom-basic-negre\/","title":{"rendered":"Ratol\u00ed  mini sense fil Iggual Wom-Basic negre"},"content":{"rendered":"<p>Caracter\u00edstiques:<\/p>\n<p>&#8211; 1600 DPI<br \/>\n&#8211; Disseny ergon\u00f2mic<br \/>\n&#8211; 3 botons<br \/>\n&#8211; Roda de despla\u00e7ament<br \/>\n&#8211;\u00a0Nano\u00a0receptor sense fil USB incl\u00f2s<br \/>\n&#8211; Connexi\u00f3 sense fil 2,4\u00a0GHz<br \/>\n&#8211; Compatible amb Windows,\u00a0macOS, Linux<br \/>\n&#8211; 2 piles alcalines\u00a0AAA\u00a01,5V<br \/>\n&#8211; Color negre<\/p>\n","protected":false},"excerpt":{"rendered":"<p>Caracter\u00edstiques: &#8211; 1600 DPI &#8211; Disseny ergon\u00f2mic &#8211; 3 botons &#8211; Roda de despla\u00e7ament &#8211;\u00a0Nano\u00a0receptor sense fil USB incl\u00f2s &#8211; Connexi\u00f3 sense fil 2,4\u00a0GHz &#8211; Compatible amb Windows,\u00a0macOS, Linux &#8211; 2 piles alcalines\u00a0AAA\u00a01,5V &#8211; Color negre<\/p>\n","protected":false},"featured_media":26,"template":"","meta":[],"product_brand":[],"product_cat":[18],"product_tag":[],"class_list":{"0":"post-15","1":"product","2":"type-product","3":"status-publish","4":"has-post-thumbnail","6":"product_cat-ratoli","8":"first","9":"instock","10":"taxable","11":"shipping-taxable","12":"purchasable","13":"product-type-simple"},"_links":{"self":[{"href":"https:\/\/ash.es\/botiga-col-svp-arenal\/wp-json\/wp\/v2\/product\/15","targetHints":{"allow":["GET"]}}],"collection":[{"href":"https:\/\/ash.es\/botiga-col-svp-arenal\/wp-json\/wp\/v2\/product"}],"about":[{"href":"https:\/\/ash.es\/botiga-col-svp-arenal\/wp-json\/wp\/v2\/types\/product"}],"wp:featuredmedia":[{"embeddable":true,"href":"https:\/\/ash.es\/botiga-col-svp-arenal\/wp-json\/wp\/v2\/media\/26"}],"wp:attachment":[{"href":"https:\/\/ash.es\/botiga-col-svp-arenal\/wp-json\/wp\/v2\/media?parent=15"}],"wp:term":[{"taxonomy":"product_brand","embeddable":true,"href":"https:\/\/ash.es\/botiga-col-svp-arenal\/wp-json\/wp\/v2\/product_brand?post=15"},{"taxonomy":"product_cat","embeddable":true,"href":"https:\/\/ash.es\/botiga-col-svp-arenal\/wp-json\/wp\/v2\/product_cat?post=15"},{"taxonomy":"product_tag","embeddable":true,"href":"https:\/\/ash.es\/botiga-col-svp-arenal\/wp-json\/wp\/v2\/product_tag?post=15"}],"curies":[{"name":"wp","href":"https:\/\/api.w.org\/{rel}","templated":true}]}}